{"id":106,"date":"2009-11-28T14:01:52","date_gmt":"2009-11-28T10:01:52","guid":{"rendered":"http:\/\/xn--freiewhlerbarleben-qtb.de\/blog\/?page_id=106"},"modified":"2024-05-14T22:04:21","modified_gmt":"2024-05-14T20:04:21","slug":"uber-uns","status":"publish","type":"page","link":"http:\/\/freiewaehlerbarleben.de\/?page_id=106","title":{"rendered":"\u00dcber uns"},"content":{"rendered":"<p>Diese Internetseiten werden speziell von der <strong>Fraktion der Freien W\u00e4hlergemeinschaft (FWG) des Gemeinderates<\/strong> der Einheitsgemeinde Barleben in Verbindung mit den entsprechenden <strong>Fraktionen der Ortschaftsr\u00e4te<\/strong><b> Ebendorf<\/b>, <b>Meitzendorf<\/b> und <b>Barleben<\/b> als Podium f\u00fcr die \u00d6ffentlichkeitsarbeit genutzt.<\/p>\n<p><strong>Wir sind <\/strong>ein Zusammenschluss freier, demokratisch eingestellter B\u00fcrger aus den Ortschaften <b>Barleben, Ebendorf<\/b> und <b>Meitzendorf<\/b>, denen eine b\u00fcrgernahe Kommunalpolitik in der Einheitsgemeinde Barleben am Herzen liegt. Wir unterliegen keinen parteipolitischen Zw\u00e4ngen.<\/p>\n<p><strong>Wir wollen:<\/strong><\/p>\n<ul>\n<li style=\"text-align: justify;\">die positive Entwicklung unserer drei Ortschaften fortsetzen, jedoch ohne Steuergelder f\u00fcr weitere teure Prestigeobjekte zu verschwenden, deren Folgekosten sich k\u00fcnftig r\u00e4chen werden.<\/li>\n<li>f\u00fcr uns B\u00fcrger g\u00fcnstige Wohn- und Arbeitsm\u00f6glichkeiten sowie eine ausreichende medizinische Versorgung. Unternehmerfreundliche Bedingungen zur Ansiedelung von Arbeitspl\u00e4tzen k\u00f6nnen auch weiterhin Steuereinnahmen garantieren.<\/li>\n<li>f\u00fcr unsere Kinder und Enkel gute Betreuungs- und Lernverh\u00e4ltnisse in Kindertagesst\u00e4tten und Schulen. Die Modernisierung und Erweiterung dieser Einrichtungen soll fortgesetzt werden<\/li>\n<li>neue Wohnformen f\u00fcr junge und \u00e4ltere B\u00fcrger f\u00f6rdern, um damit den Herausforderungen des demografischen Wandels Rechnung zu tragen.<\/li>\n<li>die \u00e4ltesten Zeugen unserer Dorfgemeinschaften wie Kirchen, Denkm\u00e4ler, Friedh\u00f6fe u.a. erhalten, damit Heimat und Geschichte erlebbar bleiben.<\/li>\n<li>die Weiterentwicklung des Mehrgenerationenzentrums mit Integrationsangeboten f\u00fcr Vereine zum soziokulturellen Treffpunkt aller Altersgruppen f\u00f6rdern. Daf\u00fcr ben\u00f6tigen wir auch wieder ein Familienzentrum.<\/li>\n<li>eine transparente und ausgewogene Berichterstattung in den von der Gemeinde finanzierten Medien.<\/li>\n<\/ul>\n<p><strong>Wir k\u00f6nnen <\/strong>Sachfragen als solche l\u00f6sen, weil unsere Mitglieder viel Erfahrung und Sachkompetenz haben. Im Gegensatz zu anderen m\u00f6chten wir die Meinung der B\u00fcrger h\u00f6ren, um sie bei kommunalen Entscheidungen zu ber\u00fccksichtigen. Dadurch k\u00f6nnen B\u00fcrgermeister und Verwaltung unterst\u00fctzt werden, wieder b\u00fcrgernah zu arbeiten.<\/p>\n<p><strong>Deshalb <\/strong>wenden wir uns an alle B\u00fcrger, unterst\u00fctzen Sie uns bei der Umsetzung dieser Ziele<\/p>\n<p><a href=\"http:\/\/www.freiewaehlerbarleben.de\/wp-content\/uploads\/2009\/11\/Briefkasten.png\"><img loading=\"lazy\" decoding=\"async\" class=\"aligncenter size-full wp-image-2581\" src=\"http:\/\/www.freiewaehlerbarleben.de\/wp-content\/uploads\/2009\/11\/Briefkasten.png\" alt=\"Briefkasten\" width=\"244\" height=\"205\" \/><\/a><\/p>\n<p>Unseren realen Email-Briefkasten erreichen sie <a href=\"http:\/\/www.freiewaehlerbarleben.de\/?page_id=70\" target=\"_blank\" rel=\"noopener\">hier<\/a><\/p>\n","protected":false},"excerpt":{"rendered":"<p>Diese Internetseiten werden speziell von der Fraktion der Freien W\u00e4hlergemeinschaft (FWG) des Gemeinderates der Einheitsgemeinde Barleben in Verbindung mit den entsprechenden Fraktionen der Ortschaftsr\u00e4te Ebendorf, Meitzendorf und Barleben als Podium f\u00fcr die \u00d6ffentlichkeitsarbeit genutzt. Wir sind ein Zusammenschluss freier, demokratisch eingestellter B\u00fcrger aus den Ortschaften Barleben, Ebendorf und Meitzendorf, denen eine b\u00fcrgernahe Kommunalpolitik in der [&hellip;]<\/p>\n","protected":false},"author":2,"featured_media":0,"parent":0,"menu_order":10,"comment_status":"closed","ping_status":"closed","template":"","meta":{"footnotes":""},"class_list":["post-106","page","type-page","status-publish","hentry"],"_links":{"self":[{"href":"http:\/\/freiewaehlerbarleben.de\/index.php?rest_route=\/wp\/v2\/pages\/106","targetHints":{"allow":["GET"]}}],"collection":[{"href":"http:\/\/freiewaehlerbarleben.de\/index.php?rest_route=\/wp\/v2\/pages"}],"about":[{"href":"http:\/\/freiewaehlerbarleben.de\/index.php?rest_route=\/wp\/v2\/types\/page"}],"author":[{"embeddable":true,"href":"http:\/\/freiewaehlerbarleben.de\/index.php?rest_route=\/wp\/v2\/users\/2"}],"replies":[{"embeddable":true,"href":"http:\/\/freiewaehlerbarleben.de\/index.php?rest_route=%2Fwp%2Fv2%2Fcomments&post=106"}],"version-history":[{"count":6,"href":"http:\/\/freiewaehlerbarleben.de\/index.php?rest_route=\/wp\/v2\/pages\/106\/revisions"}],"predecessor-version":[{"id":3709,"href":"http:\/\/freiewaehlerbarleben.de\/index.php?rest_route=\/wp\/v2\/pages\/106\/revisions\/3709"}],"wp:attachment":[{"href":"http:\/\/freiewaehlerbarleben.de\/index.php?rest_route=%2Fwp%2Fv2%2Fmedia&parent=106"}],"curies":[{"name":"wp","href":"https:\/\/api.w.org\/{rel}","templated":true}]}}