{"id":1939,"date":"2009-11-25T23:55:18","date_gmt":"2009-11-25T19:55:18","guid":{"rendered":"http:\/\/xn--freiewhlerbarleben-qtb.de\/blog\/?page_id=24"},"modified":"2013-02-23T21:21:23","modified_gmt":"2013-02-23T20:21:23","slug":"or-barleben","status":"publish","type":"page","link":"http:\/\/freiewaehlerbarleben.de\/?page_id=1939","title":{"rendered":"OR Barleben, Beitr\u00e4ge"},"content":{"rendered":"<p>Das ist die Kurz\u00fcbersicht zu allen hier ver\u00f6ffentlichten Beitr\u00e4gen<br \/>\nder Kategorie <strong><em>Ortschaftrat Barleben<\/em><\/strong>.<\/p>\n<p>\u00dcber die <a title=\"Aufruf auch \u00fcber diesen Link\" href=\"http:\/\/www.freiewaehlerbarleben.de\/blogneu\/?cat=4\" target=\"_blank\">Kategorie<\/a> Buchtip kann die lange Version angezeigt werden.<br \/>\n<ul class=\"lcp_catlist\" id=\"lcp_instance_0\"><li><a href=\"http:\/\/freiewaehlerbarleben.de\/?p=2424\">Helldamm \u2013 die ausf\u00fchrliche Geschichte<\/a>  26. Juli 2013<\/li><li><a href=\"http:\/\/freiewaehlerbarleben.de\/?p=1999\">Sanierung um jeden Preis?<\/a>  2. November 2012<\/li><li><a href=\"http:\/\/freiewaehlerbarleben.de\/?p=1964\">Neues Au\u00dfensportgel\u00e4nde in Barleben<\/a>  12. Juli 2012<\/li><li><a href=\"http:\/\/freiewaehlerbarleben.de\/?p=1723\">Big Brother in Barleben<\/a>  23. Januar 2012<\/li><li><a href=\"http:\/\/freiewaehlerbarleben.de\/?p=1617\">Ausbau Breiteweg (Nebenanlagen Nordabschnitt)<\/a>  13. Dezember 2011<\/li><li><a href=\"http:\/\/freiewaehlerbarleben.de\/?p=1557\">Sch\u00f6ne Raumkante aber keine reduzierten Kitageb\u00fchren!<\/a>  28. Oktober 2011<\/li><li><a href=\"http:\/\/freiewaehlerbarleben.de\/?p=1269\">Raumkante \u2013 Kunstobjekt auf dem Breiteweg?<\/a>  7. Mai 2011<\/li><li><a href=\"http:\/\/freiewaehlerbarleben.de\/?p=845\">B\u00fcrgermeister blockiert Beschluss des Ortschaftsrates<\/a>  11. Oktober 2010<\/li><li><a href=\"http:\/\/freiewaehlerbarleben.de\/?p=829\">Wie viel B\u00fcrgern\u00e4he l\u00e4sst man in Barleben zu ?<\/a>  8. Oktober 2010<\/li><li><a href=\"http:\/\/freiewaehlerbarleben.de\/?p=704\">Erg\u00e4nzung zum Thema Reithalle\/Reitplatz<\/a>  23. August 2010<\/li><li><a href=\"http:\/\/freiewaehlerbarleben.de\/?p=672\">Sitzung des Ortschaftsrates (OR) Barleben am 5.8.2010<\/a>  20. August 2010<\/li><li><a href=\"http:\/\/freiewaehlerbarleben.de\/?p=443\">zerplatzt &#8230;<\/a>  2. April 2010<\/li><li><a href=\"http:\/\/freiewaehlerbarleben.de\/?p=433\">&#8212; Eilmeldung &#8212;<\/a>  1. April 2010<\/li><\/ul><\/p>\n","protected":false},"excerpt":{"rendered":"<p>Das ist die Kurz\u00fcbersicht zu allen hier ver\u00f6ffentlichten Beitr\u00e4gen der Kategorie Ortschaftrat Barleben. \u00dcber die Kategorie Buchtip kann die lange Version angezeigt werden.<\/p>\n","protected":false},"author":1,"featured_media":0,"parent":43,"menu_order":32,"comment_status":"closed","ping_status":"closed","template":"template-nosidebar.php","meta":{"footnotes":""},"class_list":["post-1939","page","type-page","status-publish","hentry"],"_links":{"self":[{"href":"http:\/\/freiewaehlerbarleben.de\/index.php?rest_route=\/wp\/v2\/pages\/1939","targetHints":{"allow":["GET"]}}],"collection":[{"href":"http:\/\/freiewaehlerbarleben.de\/index.php?rest_route=\/wp\/v2\/pages"}],"about":[{"href":"http:\/\/freiewaehlerbarleben.de\/index.php?rest_route=\/wp\/v2\/types\/page"}],"author":[{"embeddable":true,"href":"http:\/\/freiewaehlerbarleben.de\/index.php?rest_route=\/wp\/v2\/users\/1"}],"replies":[{"embeddable":true,"href":"http:\/\/freiewaehlerbarleben.de\/index.php?rest_route=%2Fwp%2Fv2%2Fcomments&post=1939"}],"version-history":[{"count":4,"href":"http:\/\/freiewaehlerbarleben.de\/index.php?rest_route=\/wp\/v2\/pages\/1939\/revisions"}],"predecessor-version":[{"id":2091,"href":"http:\/\/freiewaehlerbarleben.de\/index.php?rest_route=\/wp\/v2\/pages\/1939\/revisions\/2091"}],"up":[{"embeddable":true,"href":"http:\/\/freiewaehlerbarleben.de\/index.php?rest_route=\/wp\/v2\/pages\/43"}],"wp:attachment":[{"href":"http:\/\/freiewaehlerbarleben.de\/index.php?rest_route=%2Fwp%2Fv2%2Fmedia&parent=1939"}],"curies":[{"name":"wp","href":"https:\/\/api.w.org\/{rel}","templated":true}]}}