{"id":2660,"date":"2014-05-18T10:24:47","date_gmt":"2014-05-18T09:24:47","guid":{"rendered":"http:\/\/www.freiewaehlerbarleben.de\/?page_id=2660"},"modified":"2024-04-08T06:30:49","modified_gmt":"2024-04-08T04:30:49","slug":"2014-kandidaten-gemeinderat","status":"publish","type":"page","link":"http:\/\/freiewaehlerbarleben.de\/?page_id=2660","title":{"rendered":"2024 &#8211; Kandidaten Gemeinderat"},"content":{"rendered":"<h2><strong><em>Unsere Kandidaten f\u00fcr den <\/em><\/strong><strong><em>Gemeinderat Barleben<\/em><\/strong><\/h2>\n<ol>\n<li><strong>Dr. Appenrodt<\/strong>, Edgar (Barleben)<\/li>\n<li><strong>Leon<\/strong>, Marcel (Ebendorf)<\/li>\n<li><strong>M\u00fcller<\/strong>, Ramona (Meitzendorf)<\/li>\n<li><strong>Lehmann<\/strong>, Claus (Barleben)<\/li>\n<li><strong>Br\u00e4mer<\/strong>, Evelyn (Barleben)<\/li>\n<li><strong>Oppermann<\/strong>, Martin (Ebendorf)<\/li>\n<li><strong>K\u00f6nitz<\/strong>, Johannes (Barleben)<\/li>\n<li><strong>Wischeropp<\/strong>, Wilma (Ebendorf)<\/li>\n<li><strong>Osterwald<\/strong>, Marlies (Barleben)<\/li>\n<li><strong>van der Velde<\/strong>, Sarah (Meitzendorf)<\/li>\n<li><strong>Gerloff<\/strong>, Walter (Barleben)<\/li>\n<li><strong>Wehling<\/strong>, Rudolf (Ebendorf)<\/li>\n<li><strong>Habacker<\/strong>, Manfred (Barleben)<\/li>\n<li><strong>L\u00fccke<\/strong>, Kathrin (Barleben)<\/li>\n<li><strong>Bense<\/strong>, Alexander (Ebendorf)<\/li>\n<li><strong>Schreiber<\/strong>, Peter (Barleben)<\/li>\n<li><strong>Muthmann<\/strong>, Lisa (Ebendorf)<\/li>\n<li><strong>Schemel<\/strong>, Judith (Barleben)<\/li>\n<li><strong>Hujer<\/strong>, Frank (Ebendorf)<\/li>\n<li><strong>Knabe-Dilly<\/strong>, Sascha (Barleben)<\/li>\n<li><strong>Gerloff<\/strong>, Susanne (Barleben)<\/li>\n<li><strong>Zander<\/strong>, Heinz-Ulrich (Barleben)<\/li>\n<li><strong>Winkelmann<\/strong>, Henry (Barleben)<\/li>\n<li><strong>L\u00fccke<\/strong>, Ute (Barleben)<\/li>\n<\/ol>\n","protected":false},"excerpt":{"rendered":"<p>Unsere Kandidaten f\u00fcr den Gemeinderat Barleben Dr. Appenrodt, Edgar (Barleben) Leon, Marcel (Ebendorf) M\u00fcller, Ramona (Meitzendorf) Lehmann, Claus (Barleben) Br\u00e4mer, Evelyn (Barleben) Oppermann, Martin (Ebendorf) K\u00f6nitz, Johannes (Barleben) Wischeropp, Wilma (Ebendorf) Osterwald, Marlies (Barleben) van der Velde, Sarah (Meitzendorf) Gerloff, Walter (Barleben) Wehling, Rudolf (Ebendorf) Habacker, Manfred (Barleben) L\u00fccke, Kathrin (Barleben) Bense, Alexander (Ebendorf) Schreiber, [&hellip;]<\/p>\n","protected":false},"author":1,"featured_media":0,"parent":2658,"menu_order":0,"comment_status":"closed","ping_status":"open","template":"","meta":{"footnotes":""},"class_list":["post-2660","page","type-page","status-publish","hentry"],"_links":{"self":[{"href":"http:\/\/freiewaehlerbarleben.de\/index.php?rest_route=\/wp\/v2\/pages\/2660","targetHints":{"allow":["GET"]}}],"collection":[{"href":"http:\/\/freiewaehlerbarleben.de\/index.php?rest_route=\/wp\/v2\/pages"}],"about":[{"href":"http:\/\/freiewaehlerbarleben.de\/index.php?rest_route=\/wp\/v2\/types\/page"}],"author":[{"embeddable":true,"href":"http:\/\/freiewaehlerbarleben.de\/index.php?rest_route=\/wp\/v2\/users\/1"}],"replies":[{"embeddable":true,"href":"http:\/\/freiewaehlerbarleben.de\/index.php?rest_route=%2Fwp%2Fv2%2Fcomments&post=2660"}],"version-history":[{"count":9,"href":"http:\/\/freiewaehlerbarleben.de\/index.php?rest_route=\/wp\/v2\/pages\/2660\/revisions"}],"predecessor-version":[{"id":3666,"href":"http:\/\/freiewaehlerbarleben.de\/index.php?rest_route=\/wp\/v2\/pages\/2660\/revisions\/3666"}],"up":[{"embeddable":true,"href":"http:\/\/freiewaehlerbarleben.de\/index.php?rest_route=\/wp\/v2\/pages\/2658"}],"wp:attachment":[{"href":"http:\/\/freiewaehlerbarleben.de\/index.php?rest_route=%2Fwp%2Fv2%2Fmedia&parent=2660"}],"curies":[{"name":"wp","href":"https:\/\/api.w.org\/{rel}","templated":true}]}}