{"id":2666,"date":"2014-05-18T10:27:32","date_gmt":"2014-05-18T09:27:32","guid":{"rendered":"http:\/\/www.freiewaehlerbarleben.de\/?page_id=2666"},"modified":"2024-04-08T06:27:25","modified_gmt":"2024-04-08T04:27:25","slug":"2014-kandidaten-ortschaftsrat-barleben","status":"publish","type":"page","link":"http:\/\/freiewaehlerbarleben.de\/?page_id=2666","title":{"rendered":"2024 &#8211;  Kandidaten Ortschaftsrat Barleben"},"content":{"rendered":"<ol>\n<li><strong>Dr. Appenrodt<\/strong>, Edgar<\/li>\n<li><strong>Lehmann<\/strong>, Claus<\/li>\n<li><strong>Br\u00e4mer<\/strong>, Evelyn<\/li>\n<li><strong>K\u00f6nitz<\/strong>, Johannes<\/li>\n<li><strong>Osterwald<\/strong>, Marlies<\/li>\n<li><strong>Gerloff<\/strong>, Walter<\/li>\n<li><strong>Habacker<\/strong>, Manfred<\/li>\n<li><strong>L\u00fccke<\/strong>, Kathrin<\/li>\n<li><strong>Schreiber<\/strong>, Peter<\/li>\n<li><strong>Schemel<\/strong>, Judith<\/li>\n<li><strong>Knabe-Dilly<\/strong>, Sascha<\/li>\n<li><strong>Gerloff<\/strong>, Susanne<\/li>\n<li><strong>Zander<\/strong>, Heinz-Ulrich<\/li>\n<li><strong>Winkelmann<\/strong>, Henry<\/li>\n<li><strong>L\u00fccke<\/strong>, Ute<\/li>\n<\/ol>\n","protected":false},"excerpt":{"rendered":"<p>Dr. Appenrodt, Edgar Lehmann, Claus Br\u00e4mer, Evelyn K\u00f6nitz, Johannes Osterwald, Marlies Gerloff, Walter Habacker, Manfred L\u00fccke, Kathrin Schreiber, Peter Schemel, Judith Knabe-Dilly, Sascha Gerloff, Susanne Zander, Heinz-Ulrich Winkelmann, Henry L\u00fccke, Ute<\/p>\n","protected":false},"author":1,"featured_media":0,"parent":2658,"menu_order":10,"comment_status":"closed","ping_status":"open","template":"","meta":{"footnotes":""},"class_list":["post-2666","page","type-page","status-publish","hentry"],"_links":{"self":[{"href":"http:\/\/freiewaehlerbarleben.de\/index.php?rest_route=\/wp\/v2\/pages\/2666","targetHints":{"allow":["GET"]}}],"collection":[{"href":"http:\/\/freiewaehlerbarleben.de\/index.php?rest_route=\/wp\/v2\/pages"}],"about":[{"href":"http:\/\/freiewaehlerbarleben.de\/index.php?rest_route=\/wp\/v2\/types\/page"}],"author":[{"embeddable":true,"href":"http:\/\/freiewaehlerbarleben.de\/index.php?rest_route=\/wp\/v2\/users\/1"}],"replies":[{"embeddable":true,"href":"http:\/\/freiewaehlerbarleben.de\/index.php?rest_route=%2Fwp%2Fv2%2Fcomments&post=2666"}],"version-history":[{"count":4,"href":"http:\/\/freiewaehlerbarleben.de\/index.php?rest_route=\/wp\/v2\/pages\/2666\/revisions"}],"predecessor-version":[{"id":3663,"href":"http:\/\/freiewaehlerbarleben.de\/index.php?rest_route=\/wp\/v2\/pages\/2666\/revisions\/3663"}],"up":[{"embeddable":true,"href":"http:\/\/freiewaehlerbarleben.de\/index.php?rest_route=\/wp\/v2\/pages\/2658"}],"wp:attachment":[{"href":"http:\/\/freiewaehlerbarleben.de\/index.php?rest_route=%2Fwp%2Fv2%2Fmedia&parent=2666"}],"curies":[{"name":"wp","href":"https:\/\/api.w.org\/{rel}","templated":true}]}}