{"id":32,"date":"2009-11-26T00:01:17","date_gmt":"2009-11-25T20:01:17","guid":{"rendered":"http:\/\/xn--freiewhlerbarleben-qtb.de\/blog\/?page_id=32"},"modified":"2013-02-23T21:23:14","modified_gmt":"2013-02-23T20:23:14","slug":"or-ebendorf","status":"publish","type":"page","link":"http:\/\/freiewaehlerbarleben.de\/?page_id=32","title":{"rendered":"OR Ebendorf, Beitr\u00e4ge"},"content":{"rendered":"<p>Das ist die Kurz\u00fcbersicht zu allen hier ver\u00f6ffentlichten Beitr\u00e4gen<br \/>\nder Kategorie <strong><em>Ortschaftrat <\/em><\/strong><strong><em>Ebendorf<\/em><\/strong>.<\/p>\n<p>\u00dcber die <a title=\"Aufruf auch \u00fcber diesen Link\" href=\"http:\/\/www.freiewaehlerbarleben.de\/blogneu\/?cat=5\" target=\"_blank\">Kategorie<\/a> Buchtip kann die lange Version angezeigt werden.<br \/>\n<ul class=\"lcp_catlist\" id=\"lcp_instance_0\"><li><a href=\"http:\/\/freiewaehlerbarleben.de\/?p=2821\">Wer l\u00fcgt hier (Erg\u00e4nzung)<\/a>  12. Februar 2015<\/li><li><a href=\"http:\/\/freiewaehlerbarleben.de\/?p=1867\">Missst\u00e4nde in der Kita Ebendorf &#8211; wie lange noch?<\/a>  23. M\u00e4rz 2012<\/li><li><a href=\"http:\/\/freiewaehlerbarleben.de\/?p=1732\">Kindergarten Ebendorf &#8211; L\u00f6sungssuche oder Hinhaltestrategie?<\/a>  17. Januar 2012<\/li><li><a href=\"http:\/\/freiewaehlerbarleben.de\/?p=1016\">Wasser in den Kellern &#8211; die Antworten<\/a>  16. Dezember 2010<\/li><li><a href=\"http:\/\/freiewaehlerbarleben.de\/?p=1008\">Probleme im Ebendorfer Kindergarten<\/a>  16. Dezember 2010<\/li><li><a href=\"http:\/\/freiewaehlerbarleben.de\/?p=1001\">Aus dem OR Ebendorf &#8211; 7.12.2010<\/a>  13. Dezember 2010<\/li><li><a href=\"http:\/\/freiewaehlerbarleben.de\/?p=981\">B\u00fcrgerversammlung Ebendorf &#8211; Bilanz<\/a>  24. November 2010<\/li><li><a href=\"http:\/\/freiewaehlerbarleben.de\/?p=969\">Wasser in den Kellern der Ortschaft Ebendorf<\/a>  20. November 2010<\/li><li><a href=\"http:\/\/freiewaehlerbarleben.de\/?p=964\">Themen n\u00e4chste OR Sitzung Ebendorf<\/a>  13. November 2010<\/li><li><a href=\"http:\/\/freiewaehlerbarleben.de\/?p=264\">Biogasanlage Ebendorf und kein Ende&#8230;<\/a>  22. Dezember 2009<\/li><\/ul><\/p>\n","protected":false},"excerpt":{"rendered":"<p>Das ist die Kurz\u00fcbersicht zu allen hier ver\u00f6ffentlichten Beitr\u00e4gen der Kategorie Ortschaftrat Ebendorf. \u00dcber die Kategorie Buchtip kann die lange Version angezeigt werden.<\/p>\n","protected":false},"author":1,"featured_media":0,"parent":43,"menu_order":34,"comment_status":"closed","ping_status":"closed","template":"template-nosidebar.php","meta":{"footnotes":""},"class_list":["post-32","page","type-page","status-publish","hentry"],"_links":{"self":[{"href":"http:\/\/freiewaehlerbarleben.de\/index.php?rest_route=\/wp\/v2\/pages\/32","targetHints":{"allow":["GET"]}}],"collection":[{"href":"http:\/\/freiewaehlerbarleben.de\/index.php?rest_route=\/wp\/v2\/pages"}],"about":[{"href":"http:\/\/freiewaehlerbarleben.de\/index.php?rest_route=\/wp\/v2\/types\/page"}],"author":[{"embeddable":true,"href":"http:\/\/freiewaehlerbarleben.de\/index.php?rest_route=\/wp\/v2\/users\/1"}],"replies":[{"embeddable":true,"href":"http:\/\/freiewaehlerbarleben.de\/index.php?rest_route=%2Fwp%2Fv2%2Fcomments&post=32"}],"version-history":[{"count":5,"href":"http:\/\/freiewaehlerbarleben.de\/index.php?rest_route=\/wp\/v2\/pages\/32\/revisions"}],"predecessor-version":[{"id":2092,"href":"http:\/\/freiewaehlerbarleben.de\/index.php?rest_route=\/wp\/v2\/pages\/32\/revisions\/2092"}],"up":[{"embeddable":true,"href":"http:\/\/freiewaehlerbarleben.de\/index.php?rest_route=\/wp\/v2\/pages\/43"}],"wp:attachment":[{"href":"http:\/\/freiewaehlerbarleben.de\/index.php?rest_route=%2Fwp%2Fv2%2Fmedia&parent=32"}],"curies":[{"name":"wp","href":"https:\/\/api.w.org\/{rel}","templated":true}]}}