{"id":3259,"date":"2018-04-13T18:36:20","date_gmt":"2018-04-13T16:36:20","guid":{"rendered":"http:\/\/www.freiewaehlerbarleben.de\/?page_id=3259"},"modified":"2018-04-13T18:46:07","modified_gmt":"2018-04-13T16:46:07","slug":"datenschutz","status":"publish","type":"page","link":"http:\/\/freiewaehlerbarleben.de\/?page_id=3259","title":{"rendered":"Datenschutz"},"content":{"rendered":"<div>\n<h4>Datenschutzerkl\u00e4rung<\/h4>\n<p>Vielen Dank f\u00fcr Ihr Interesse an unserem Onlineauftritt. Der Schutz Ihrer pers\u00f6nlichen Daten liegt uns sehr am Herzen. An dieser Stelle m\u00f6chten wir Sie daher \u00fcber den Datenschutz in unserem Unternehmen informieren. Selbstverst\u00e4ndlich beachten wir die gesetzlichen Bestimmungen des Datenschutzgesetzes (BDSG) des Telemediengesetzes (TMG) und anderer datenschutzrechtlicher Bestimmungen.<br \/>\nBei Ihren pers\u00f6nlichen Daten k\u00f6nnen Sie uns vertrauen! Sie werden durch digitale Sicherheitssysteme verschl\u00fcsselt und an uns \u00fcbertragen. Unsere Webseiten sind durch technische Ma\u00dfnahmen gegen Besch\u00e4digungen, Zerst\u00f6rung oder unberechtigten Zugriff gesch\u00fctzt.<br \/>\nGegenstand des Datenschutzes<br \/>\nGegenstand des Datenschutzes sind personenbezogene Daten. Diese sind nach \u00a7 3 Abs. 1 BDSG Einzelangaben \u00fcber pers\u00f6nlich oder sachliche Verh\u00e4ltnisse einer bestimmten oder bestimmbaren nat\u00fcrlichen Person. Hierunter fallen z. B. Angaben wie Name, Post-Adresse, E-Mail-Adresse oder Telefonnummer, ggf. aber auch Nutzungsdaten wie Ihre IP-Adresse.<\/p>\n<h4>Umfang der Datenerhebung und -speicherung<\/h4>\n<p>Im Allgemeinen ist es f\u00fcr die Nutzung unserer Internetseite nicht erforderlich, dass Sie personenbezogene Daten angeben. Damit wir unsere Dienstleistungen aber tats\u00e4chlich erbringen k\u00f6nnen, ben\u00f6tigen wir ggf. Ihre personenbezogenen Daten. Dies gilt sowohl bei der Zusendung von Informationsmaterial oder bestellter Ware sowie auch f\u00fcr die Beantwortung individueller Anfragen.<br \/>\nWenn Sie uns mit der Erbringung einer Dienstleistung oder der Zusendung von Ware beauftragen, erheben und speichern wir Ihre pers\u00f6nlichen Daten grunds\u00e4tzlich nur, soweit es f\u00fcr die Erbringung der Dienstleistung oder die Durchf\u00fchrung des Vertrages notwendig ist. Dazu kann es erforderlich sein, Ihre pers\u00f6nlichen Daten an Unternehmen weiterzugeben, die wir zur Erbringung der Dienstleistung oder zur Vertragsabwicklung einsetzen. Dies sind z. B. Transportunternehmen oder andere Service-Dienste. Falls wir eine der nachfolgend beschriebenen oder sonstigen Handlungen vornehmen oder Leistungen erbringen, m\u00f6chten wir Ihre personenbezogenen Daten erheben und speichern und werden Sie an der entsprechenden Stelle unserer Internetseite um Ihre ausdr\u00fcckliche Einwilligung ersuchen:- Zusendung de Newsletters<br \/>\n&#8211; Gewinnspielteilnahme Bonit\u00e4ts- oder Alterspr\u00fcfung zur Erm\u00f6glichung unser Leistungen oder<br \/>\n&#8211; Zahlungsmethoden Personalisierung unserer Webseite<br \/>\n&#8211; weitere Dienste und Angebote, f\u00fcr deren Datenerhebung Ihre ausdr\u00fcckliche Einwilligung erforderlich ist.<\/p>\n<\/div>\n<div>Nach vollst\u00e4ndiger Vertragsabwicklung werden Ihre Daten gesperrt und nach Ablauf der steuer- und handelsrechtlichen Vorschriften gel\u00f6scht, sofern Sie nicht ausdr\u00fccklich einer dar\u00fcber hinausgehende Datenverwendung zugestimmt haben.<br \/>\nWenn Sie sich mit Ihrer E-Mail-Adresse f\u00fcr unseren Newsletter angemeldet haben, nutzen wir Ihre E-Mail-Adresse auch \u00fcber die Vertragsdurchf\u00fchrung hinaus f\u00fcr eigene Werbezwecke, bis Sie sich vom Newsletter-Bezug abmelden.<\/p>\n<h4>Daten-Erhebung durch Nutzung von Google-Analytics<\/h4>\n<p>Unsere Webseite benutzt aktuell Google-Analytics NICHT! Sollten wir es irgendwann einmal tun, dann gilt nachfolgende Beschreibung und Zusicherung:<\/p>\n<p>Google Analytics ist ein Webanalysedienst, der Google inc. Google-Analytics verwendet sogenannte &#8222;Cookies&#8220;. Dabei handelt es sich um Textdateien, die auf Ihrem Computer gespeichert werden und die eine Analyse ihrer Benutzung der Website erm\u00f6glicht. Erfasst werden beispielsweise Informationen zum Betriebssystem, zum Browser, Ihrer IP-Adresse, die von Ihnen zuvor aufgerufene Webseite (Referrer-URL) und Datum und Uhrzeit Ihres Besuchs auf unserer Webseite. Die durch diese Textdatei erzeugten Informationen \u00fcber die Benutzung unserer Webseite werden an einen Server von Google in den USA \u00fcbertragen und dort gespeichert. Google wird diese Information benutzen, um Ihre Nutzung unserer Webseite auszuwerten, um Reports \u00fcber die Webseitenaktivit\u00e4t f\u00fcr die Webseitenbetreiber zusammen zu stellen und um weitere mit der Webseitennutzung und der Internetnutzung verbundenen Dienstleistungen zu erbringen. Sofern dies gesetzlich vorgeschrieben ist oder soweit Dritte diese Daten im Auftrag von Google verarbeiten, wird Google diese Information auch an diese Dritten weitergeben. Diese Nutzung erfolgt anonymisiert oder pseudonymisiert. N\u00e4here Informationen dar\u00fcber finden Sie direkt bei Google http:\/\/www.google.com\/intl\/de\/privacypolicy.html#information<br \/>\nGoogle benutzt das DoubleClick DART-Cookie<br \/>\nNutzer k\u00f6nnen die Verwendung des DART-Cookies deaktivieren, indem sie die Datenschutzbestimmungen des Werbenetzwerks und Content-Werbenetzwerks von Google aufrufen.Dabei werden keinerlei unmittelbare pers\u00f6nliche Daten des Nutzers gespeichert, sondern nur die Internetprotokoll\u2013Adresse. Diese Informationen dienen dazu, Sie bei Ihrem n\u00e4chsten Besuch auf unseren Websites automatisch wiederzuerkennen und Ihnen die Navigation zu erleichtern. Cookies erlauben es uns beispielsweise, eine Website Ihren Interessen anzupassen oder Ihr Kennwort zu speichern, damit Sie es nicht jedes Mal neu eingeben m\u00fcssen.<\/p>\n<\/div>\n<div>Selbstverst\u00e4ndlich k\u00f6nnen Sie unsere Websites auch ohne Cookies betrachten. Wenn Sie nicht m\u00f6chten, dass wir Ihren Computer wiedererkennen, k\u00f6nnen Sie das Speichern von Cookies auf Ihrer Festplatte verhindern, indem Sie in Ihren Browser-Einstellungen &#8222;keine Cookies akzeptieren&#8220; w\u00e4hlen. Wie das im einzelnen funktioniert, entnehmen Sie bitte der Anleitung Ihres Browser-Herstellers. Wenn Sie keine Cookies akzeptieren, kann dieses aber zu Funktionseinschr\u00e4nkungen unserer Angebote f\u00fchren.<br \/>\nSie k\u00f6nnen die Installation der Cookies durch eine entsprechende Einstellung Ihres Internetsbenutzungsprogramms (Browser) verhindern. Dazu m\u00fcssen Sie in Ihrem Internet-Browser die Speicherung von Cookies ausschalten. N\u00e4here Informationen hierzu \u00fcbernehmen Sie bitte den Benutzungshinweisen Ihres Internet-Browsers.<\/p>\n<h4>Erhebung und Speicherung von Nutzungsdaten<\/h4>\n<p>Zur Optimierung unserer Webseite sammeln und speichern wir Daten wie z. B. Datum und Uhrzeit des Seitenaufrufs, die Seite, von der Sie unsere Seite aufgerufen haben, und \u00e4hnliches. Dies erfolgt anonymisiert, ohne den Benutzer der Seite pers\u00f6nlich zu identifizieren. Ggf. werden Nutzerprofile mittels eines Pseudonyms erstellt. Auch hierbei erfolgt keine Verbindung zwischen der hinter dem Pseudonym stehenden nat\u00fcrlichen Personen mit den erhobenen Nutzungsdaten zur Erhebung und Speicherung der Nutzungsdaten setzen wir auch Cookies ein. Dabei handelt es sich um kleine Textdateien, die auf Ihrem Computer gespeichert werden und zur Speicherung von statistischen Information wie Betriebssystem, Ihrem Internetbenutzungsprogramm (Browser), IP-Adresse, der zuvor aufgerufene Webseite (Referrer-URL) und der Uhrzeit dienen. Diese Daten erheben wir ausschlie\u00dflich, zu statistischen Zwecken, um unseren Internetauftritt weiter zu optimieren und unsere Internetangebote noch attraktiver gestalten zu k\u00f6nnen. Die Erhebung und Speicherung erfolgt ausschlie\u00dflich in anonymisierter oder pseudonymisierter Form und l\u00e4sst keinen R\u00fcckschluss auf Sie als nat\u00fcrlich Person zu.<\/p>\n<h4>Zweckgebundene Datenverwendung<\/h4>\n<p>Wir beachten den Grundsatz der zweckgebundenen Daten-Verwendung und erheben, verarbeiten und speichern Ihre personenbezogenen Daten nur f\u00fcr die Zwecke, f\u00fcr die Sie sie uns mitgeteilt haben. Eine Weitergabe Ihrer pers\u00f6nlichen Daten an Dritte erfolgt ohne Ihre ausdr\u00fcckliche Einwilligung nicht, sofern dies nicht zur Erbringung der Dienstleistung oder zur Vertragsdurchf\u00fchrung notwendig ist. Auch die \u00dcbermittlung an auskunftsberechtigte staatliche Institution und Beh\u00f6rden erfolgt nur im Rahmen der gesetzlichen Auskunftspflichten oder wenn wir durch eine gerichtliche Entscheidung zur Auskunft verpflichtet werden.<br \/>\nAuch den unternehmensinternen Datenschutz nehmen wir sehr ernst. Unsere Mitarbeiter und die von uns beauftragten Dienstleistungsunternehmen sind von uns zur Verschwiegenheit und zur Einhaltung der datenschutzrechtlichen Bestimmungen verpflichtet worden.<\/p>\n<h4>Auskunft- und Widerrufsrecht<\/h4>\n<p>Sie erhalten jederzeit ohne Angabe von Gr\u00fcnden kostenfrei Auskunft \u00fcber Ihre bei uns gespeicherten Daten. Sie k\u00f6nnen jederzeit Ihre bei uns erhobenen Daten sperren, berichtigen oder l\u00f6schen lassen. Auch k\u00f6nnen Sie jederzeit die uns erteilte Einwilligung zur Datenerhebung und Verwendung ohne Angaben von Gr\u00fcnden widerrufen. Wenden Sie sich hierzu bitte an die im Impressum angegebene Kontaktadresse. Wir stehen Ihnen jederzeit gern f\u00fcr weitergehende Fragen zu unserem Hinweisen zum Datenschutz und zur Verarbeitung Ihrer pers\u00f6nlichen Daten zur Verf\u00fcgung.<br \/>\nBeachten sie, dass sich Datenschutzbestimmungen und Handhabungen zum Datenschutz, z. B. bei Google, laufend \u00e4ndern k\u00f6nnen. Es ist daher ratsam und erforderlich, sich \u00fcber Ver\u00e4nderungen der gesetzlichen Bestimmungen und der Praxis von Unternehmen, z. B. Google, laufend zu informieren.<\/p>\n<\/div>\n","protected":false},"excerpt":{"rendered":"<p>Datenschutzerkl\u00e4rung Vielen Dank f\u00fcr Ihr Interesse an unserem Onlineauftritt. Der Schutz Ihrer pers\u00f6nlichen Daten liegt uns sehr am Herzen. An dieser Stelle m\u00f6chten wir Sie daher \u00fcber den Datenschutz in unserem Unternehmen informieren. Selbstverst\u00e4ndlich beachten wir die gesetzlichen Bestimmungen des Datenschutzgesetzes (BDSG) des Telemediengesetzes (TMG) und anderer datenschutzrechtlicher Bestimmungen. Bei Ihren pers\u00f6nlichen Daten k\u00f6nnen Sie [&hellip;]<\/p>\n","protected":false},"author":1,"featured_media":0,"parent":0,"menu_order":80,"comment_status":"closed","ping_status":"closed","template":"","meta":{"footnotes":""},"class_list":["post-3259","page","type-page","status-publish","hentry"],"_links":{"self":[{"href":"http:\/\/freiewaehlerbarleben.de\/index.php?rest_route=\/wp\/v2\/pages\/3259","targetHints":{"allow":["GET"]}}],"collection":[{"href":"http:\/\/freiewaehlerbarleben.de\/index.php?rest_route=\/wp\/v2\/pages"}],"about":[{"href":"http:\/\/freiewaehlerbarleben.de\/index.php?rest_route=\/wp\/v2\/types\/page"}],"author":[{"embeddable":true,"href":"http:\/\/freiewaehlerbarleben.de\/index.php?rest_route=\/wp\/v2\/users\/1"}],"replies":[{"embeddable":true,"href":"http:\/\/freiewaehlerbarleben.de\/index.php?rest_route=%2Fwp%2Fv2%2Fcomments&post=3259"}],"version-history":[{"count":3,"href":"http:\/\/freiewaehlerbarleben.de\/index.php?rest_route=\/wp\/v2\/pages\/3259\/revisions"}],"predecessor-version":[{"id":3262,"href":"http:\/\/freiewaehlerbarleben.de\/index.php?rest_route=\/wp\/v2\/pages\/3259\/revisions\/3262"}],"wp:attachment":[{"href":"http:\/\/freiewaehlerbarleben.de\/index.php?rest_route=%2Fwp%2Fv2%2Fmedia&parent=3259"}],"curies":[{"name":"wp","href":"https:\/\/api.w.org\/{rel}","templated":true}]}}