{"id":38,"date":"2009-11-26T00:04:20","date_gmt":"2009-11-25T20:04:20","guid":{"rendered":"http:\/\/xn--freiewhlerbarleben-qtb.de\/blog\/?page_id=38"},"modified":"2013-02-23T21:23:31","modified_gmt":"2013-02-23T20:23:31","slug":"or-meitzendorf","status":"publish","type":"page","link":"http:\/\/freiewaehlerbarleben.de\/?page_id=38","title":{"rendered":"OR Meitzendorf, Beitr\u00e4ge"},"content":{"rendered":"<p>Das ist die Kurz\u00fcbersicht zu allen hier ver\u00f6ffentlichten Beitr\u00e4gen<br \/>\nder Kategorie <strong><em>Ortschaftrat <\/em><\/strong><em><strong>Meitzendorf<\/strong><\/em>.<\/p>\n<p>\u00dcber die <a title=\"Aufruf auch \u00fcber diesen Link\" href=\"http:\/\/www.freiewaehlerbarleben.de\/blogneu\/?cat=6\" target=\"_blank\">Kategorie<\/a> Buchtip kann die lange Version angezeigt werden.<br \/>\n<ul class=\"lcp_catlist\" id=\"lcp_instance_0\"><li><a href=\"http:\/\/freiewaehlerbarleben.de\/?p=1978\">Priorit\u00e4ten oder Lobbyeinfluss?<\/a>  8. September 2012<\/li><li><a href=\"http:\/\/freiewaehlerbarleben.de\/?p=1169\">Informationsveranstaltung zur Nordverl\u00e4ngerung der A14<\/a>  25. M\u00e4rz 2011<\/li><li><a href=\"http:\/\/freiewaehlerbarleben.de\/?p=1161\">Informationsveranstaltung zur Planung der Weiterf\u00fchrung der A14<\/a>  21. M\u00e4rz 2011<\/li><li><a href=\"http:\/\/freiewaehlerbarleben.de\/?p=453\">Ortschaftsrat Meitzendorf \u2013 Neuinszenierung des Kasperletheaters?<\/a>  14. April 2010<\/li><li><a href=\"http:\/\/freiewaehlerbarleben.de\/?p=227\">Haushalt 2010 \u2013 darfs &#039;ne Million mehr sein?<\/a>  15. Dezember 2009<\/li><\/ul><\/p>\n","protected":false},"excerpt":{"rendered":"<p>Das ist die Kurz\u00fcbersicht zu allen hier ver\u00f6ffentlichten Beitr\u00e4gen der Kategorie Ortschaftrat Meitzendorf. \u00dcber die Kategorie Buchtip kann die lange Version angezeigt werden.<\/p>\n","protected":false},"author":1,"featured_media":0,"parent":43,"menu_order":36,"comment_status":"closed","ping_status":"closed","template":"template-nosidebar.php","meta":{"footnotes":""},"class_list":["post-38","page","type-page","status-publish","hentry"],"_links":{"self":[{"href":"http:\/\/freiewaehlerbarleben.de\/index.php?rest_route=\/wp\/v2\/pages\/38","targetHints":{"allow":["GET"]}}],"collection":[{"href":"http:\/\/freiewaehlerbarleben.de\/index.php?rest_route=\/wp\/v2\/pages"}],"about":[{"href":"http:\/\/freiewaehlerbarleben.de\/index.php?rest_route=\/wp\/v2\/types\/page"}],"author":[{"embeddable":true,"href":"http:\/\/freiewaehlerbarleben.de\/index.php?rest_route=\/wp\/v2\/users\/1"}],"replies":[{"embeddable":true,"href":"http:\/\/freiewaehlerbarleben.de\/index.php?rest_route=%2Fwp%2Fv2%2Fcomments&post=38"}],"version-history":[{"count":4,"href":"http:\/\/freiewaehlerbarleben.de\/index.php?rest_route=\/wp\/v2\/pages\/38\/revisions"}],"predecessor-version":[{"id":2094,"href":"http:\/\/freiewaehlerbarleben.de\/index.php?rest_route=\/wp\/v2\/pages\/38\/revisions\/2094"}],"up":[{"embeddable":true,"href":"http:\/\/freiewaehlerbarleben.de\/index.php?rest_route=\/wp\/v2\/pages\/43"}],"wp:attachment":[{"href":"http:\/\/freiewaehlerbarleben.de\/index.php?rest_route=%2Fwp%2Fv2%2Fmedia&parent=38"}],"curies":[{"name":"wp","href":"https:\/\/api.w.org\/{rel}","templated":true}]}}