{"id":5,"date":"2009-11-25T23:45:29","date_gmt":"2009-11-25T19:45:29","guid":{"rendered":"http:\/\/xn--freiewhlerbarleben-qtb.de\/blog\/?page_id=5"},"modified":"2009-11-25T23:45:29","modified_gmt":"2009-11-25T19:45:29","slug":"fur-neu-blogger","status":"publish","type":"page","link":"http:\/\/freiewaehlerbarleben.de\/?page_id=5","title":{"rendered":"Tips"},"content":{"rendered":"<p>Hier finden Besucher, die noch wenig Erfahrung im Umgang mit Internetseiten in dieser Form haben einige Hinweise.<\/p>\n<p>Informationen werden als <strong>Beitr\u00e4ge <\/strong>gespeichert.<\/p>\n<p>Um nach den Beitr\u00e4gen gezielt suchen zu k\u00f6nnen, wird der Inhalt Kategorien zugeordnet. Nach diesen Kategorien kann gezielt gesucht werden. Verwenden Sie dazu bitte das Hilfsmittel <strong>Kategorien<\/strong>.<br \/>\nDer Weg zu einer kleinen Gruppe von Kategorien ist unter den Men\u00fcpunkten <strong>GR Beitr\u00e4ge \/ OR Barleben \/\u00a0 OR Ebendorf \/ OR Meizendorf <\/strong>vorausgew\u00e4hlt &#8211; einfach ausw\u00e4hlen und anklicken.<\/p>\n<p>Als weiteres <strong>Suchkriterium <\/strong>werden dem Beitrag <strong>Schlagworte <\/strong>zugeordnet. Auch nach den Schlagworten kann gezielt gesucht werden. Verwenden Sie dazu bitte das Hilfsmittel\u00a0 <strong>3D<\/strong> <strong>Schlagwortsuche.<\/strong><\/p>\n<p>Erinnern Sie sich an den <strong>Monat <\/strong>in dem der Beitrag erstell wurde, dann k\u00f6nnen Sie \u00fcber das <strong>Archiv <\/strong>suchen.<\/p>\n<p>Interessieren Sie <strong>alle Beitr\u00e4ge eines Autors<\/strong>, dann klicken Sie auf den <strong>Namen <\/strong>des Autors \u00fcber dem Beitrag und schon werden alle Beitr\u00e4ge dieses Autors aufgelistet.<\/p>\n<p>Als letztes steht auch noch die <strong>Volltextsuche <\/strong>zur Verf\u00fcgung. Hier kann nach einem beliebigen <strong>Suchbegriff <\/strong>gesucht werden. Durchsucht werden dabei die Beitr\u00e4ge und die Kommentare. Das Suchergebnis wird in einer \u00dcbersicht dargstellt.<\/p>\n<p>Wenn Sie einen <strong>Kommentar <\/strong>zu einem Beitrag schreiben wollen, h\u00e4ngt Ihre Chance an unserer Entscheidung Kommentare zu diesem Beitrag zuzulassen. Wenn diese zugelassen sind, dann klicken Sie auf das <strong>Wort Kommentare<\/strong>.<\/p>\n<p>Haben Sie einen <strong>Vorschlag <\/strong>zu einen Thema das nicht unmittelbar mit einem Kommentar zu tun hat, dann verwenden Sie bitte das <strong>Men\u00fc Kontakt.<\/strong> Dort kann dann eine EMail an uns erzeugt werden.<\/p>\n<p>&nbsp;<\/p>\n","protected":false},"excerpt":{"rendered":"<p>Hier finden Besucher, die noch wenig Erfahrung im Umgang mit Internetseiten in dieser Form haben einige Hinweise. Informationen werden als Beitr\u00e4ge gespeichert. Um nach den Beitr\u00e4gen gezielt suchen zu k\u00f6nnen, wird der Inhalt Kategorien zugeordnet. Nach diesen Kategorien kann gezielt gesucht werden. Verwenden Sie dazu bitte das Hilfsmittel Kategorien. Der Weg zu einer kleinen Gruppe [&hellip;]<\/p>\n","protected":false},"author":2,"featured_media":0,"parent":0,"menu_order":50,"comment_status":"closed","ping_status":"closed","template":"template-nosidebar.php","meta":{"footnotes":""},"class_list":["post-5","page","type-page","status-publish","hentry"],"_links":{"self":[{"href":"http:\/\/freiewaehlerbarleben.de\/index.php?rest_route=\/wp\/v2\/pages\/5","targetHints":{"allow":["GET"]}}],"collection":[{"href":"http:\/\/freiewaehlerbarleben.de\/index.php?rest_route=\/wp\/v2\/pages"}],"about":[{"href":"http:\/\/freiewaehlerbarleben.de\/index.php?rest_route=\/wp\/v2\/types\/page"}],"author":[{"embeddable":true,"href":"http:\/\/freiewaehlerbarleben.de\/index.php?rest_route=\/wp\/v2\/users\/2"}],"replies":[{"embeddable":true,"href":"http:\/\/freiewaehlerbarleben.de\/index.php?rest_route=%2Fwp%2Fv2%2Fcomments&post=5"}],"version-history":[{"count":0,"href":"http:\/\/freiewaehlerbarleben.de\/index.php?rest_route=\/wp\/v2\/pages\/5\/revisions"}],"wp:attachment":[{"href":"http:\/\/freiewaehlerbarleben.de\/index.php?rest_route=%2Fwp%2Fv2%2Fmedia&parent=5"}],"curies":[{"name":"wp","href":"https:\/\/api.w.org\/{rel}","templated":true}]}}